{"id":81,"date":"2021-11-11T18:59:21","date_gmt":"2021-11-11T18:59:21","guid":{"rendered":"https:\/\/www.mathe-training-idstein.de\/wp\/?page_id=81"},"modified":"2022-01-09T12:44:17","modified_gmt":"2022-01-09T12:44:17","slug":"nachhilfe","status":"publish","type":"page","link":"https:\/\/www.mathe-training-idstein.de\/wp\/nachhilfe\/","title":{"rendered":"Nachhilfe"},"content":{"rendered":"<div class=\"entry\">\n\n\n<div class=\"wp-block-image\"><figure class=\"alignright size-full\"><img loading=\"lazy\" decoding=\"async\" width=\"314\" height=\"528\" src=\"https:\/\/www.mathe-training-idstein.de\/wp\/wp-content\/uploads\/2022\/01\/1x1Domino.png\" alt=\"\" class=\"wp-image-134\" srcset=\"https:\/\/www.mathe-training-idstein.de\/wp\/wp-content\/uploads\/2022\/01\/1x1Domino.png 314w, https:\/\/www.mathe-training-idstein.de\/wp\/wp-content\/uploads\/2022\/01\/1x1Domino-178x300.png 178w\" sizes=\"auto, (max-width: 314px) 100vw, 314px\" \/><\/figure><\/div>\n\n\n\n<p>Im Mathematikunterricht bauen die Themen aufeinander auf. Entstehen dabei L\u00fccken, wird es immer schwieriger, dem aktuellen Unterrichtsstoff zu folgen. Dann ist es unbedingt notwendig, die Grundlagen zuerst zu festigen.<\/p>\n\n\n\n<ul class=\"wp-block-list\"><li>Zuerst werden durch eine Lernstandserhebung die L\u00fccken festgestellt.<\/li><li>Darauf aufbauend, erstelle ich einen Plan zur individuellen F\u00f6rderung.<\/li><li>Das Training wird interessant gestaltet durch abgestimmte Arbeitsmaterialien und verschiedene Lerntechniken.<\/li><\/ul>\n\n\n\n<p>Dadurch soll auch wieder Freude am Lernen der Mathematik entstehen.<\/p>\n\n\n\n<p>Sind die Grundlagen gefestigt, k\u00f6nnen wir gemeinsam den aktuellen Unterrichtsstoff erarbeiten. Dazu ist ein regelm\u00e4\u00dfiges Training und h\u00e4usliches \u00dcben erforderlich. \u00dcbungsmaterialien k\u00f6nnen dazu auch kostenlos ausgeliehen werden.<\/p>\n\n\n<\/div>","protected":false},"excerpt":{"rendered":"<p>Im Mathematikunterricht bauen die Themen aufeinander auf. Entstehen dabei L\u00fccken, wird es immer schwieriger, dem aktuellen Unterrichtsstoff zu folgen. Dann ist es unbedingt notwendig, die Grundlagen zuerst zu festigen. Zuerst werden durch eine Lernstandserhebung die L\u00fccken festgestellt. Darauf aufbauend, erstelle ich einen Plan zur individuellen F\u00f6rderung. Das Training wird interessant gestaltet durch abgestimmte Arbeitsmaterialien und &#8230;<\/p>\n","protected":false},"author":2,"featured_media":0,"parent":0,"menu_order":0,"comment_status":"closed","ping_status":"closed","template":"","meta":{"footnotes":""},"class_list":["post-81","page","type-page","status-publish"],"_links":{"self":[{"href":"https:\/\/www.mathe-training-idstein.de\/wp\/wp-json\/wp\/v2\/pages\/81","targetHints":{"allow":["GET"]}}],"collection":[{"href":"https:\/\/www.mathe-training-idstein.de\/wp\/wp-json\/wp\/v2\/pages"}],"about":[{"href":"https:\/\/www.mathe-training-idstein.de\/wp\/wp-json\/wp\/v2\/types\/page"}],"author":[{"embeddable":true,"href":"https:\/\/www.mathe-training-idstein.de\/wp\/wp-json\/wp\/v2\/users\/2"}],"replies":[{"embeddable":true,"href":"https:\/\/www.mathe-training-idstein.de\/wp\/wp-json\/wp\/v2\/comments?post=81"}],"version-history":[{"count":3,"href":"https:\/\/www.mathe-training-idstein.de\/wp\/wp-json\/wp\/v2\/pages\/81\/revisions"}],"predecessor-version":[{"id":136,"href":"https:\/\/www.mathe-training-idstein.de\/wp\/wp-json\/wp\/v2\/pages\/81\/revisions\/136"}],"wp:attachment":[{"href":"https:\/\/www.mathe-training-idstein.de\/wp\/wp-json\/wp\/v2\/media?parent=81"}],"curies":[{"name":"wp","href":"https:\/\/api.w.org\/{rel}","templated":true}]}}